{"id":2287,"date":"2024-12-02T14:08:16","date_gmt":"2024-12-02T14:08:16","guid":{"rendered":"https:\/\/aula.sices.net\/luzhaydee\/?page_id=2287"},"modified":"2025-04-03T23:30:33","modified_gmt":"2025-04-03T23:30:33","slug":"resena-historico","status":"publish","type":"page","link":"http:\/\/aula.sices.net\/luzhaydee\/?page_id=2287","title":{"rendered":"Rese\u00f1a Historica"},"content":{"rendered":"\t\t<div data-elementor-type=\"wp-page\" data-elementor-id=\"2287\" class=\"elementor elementor-2287\">\n\t\t\t\t\t\t\t<div class=\"elementor-element elementor-element-3a835ed e-flex e-con-boxed e-con e-parent\" data-id=\"3a835ed\" data-element_type=\"container\" data-settings=\"{&quot;content_width&quot;:&quot;boxed&quot;}\" data-core-v316-plus=\"true\">\n\t\t\t\t\t<div class=\"e-con-inner\">\n\t\t\t\t<div class=\"elementor-element elementor-element-9eb8b9b elementor-widget__width-inherit elementor-widget elementor-widget-heading\" data-id=\"9eb8b9b\" data-element_type=\"widget\" data-widget_type=\"heading.default\">\n\t\t\t\t<div class=\"elementor-widget-container\">\n\t\t\t<style>\/*! elementor - v3.17.0 - 08-11-2023 *\/\n.elementor-heading-title{padding:0;margin:0;line-height:1}.elementor-widget-heading .elementor-heading-title[class*=elementor-size-]>a{color:inherit;font-size:inherit;line-height:inherit}.elementor-widget-heading .elementor-heading-title.elementor-size-small{font-size:15px}.elementor-widget-heading .elementor-heading-title.elementor-size-medium{font-size:19px}.elementor-widget-heading .elementor-heading-title.elementor-size-large{font-size:29px}.elementor-widget-heading .elementor-heading-title.elementor-size-xl{font-size:39px}.elementor-widget-heading .elementor-heading-title.elementor-size-xxl{font-size:59px}<\/style><h3 class=\"elementor-heading-title elementor-size-default\">Rese\u00f1a Hist\u00f3rica<\/h3>\t\t<\/div>\n\t\t\t\t<\/div>\n\t\t\t\t\t<\/div>\n\t\t\t\t<\/div>\n\t\t<div class=\"elementor-element elementor-element-e76ecf5 e-flex e-con-boxed e-con e-parent\" data-id=\"e76ecf5\" data-element_type=\"container\" data-settings=\"{&quot;content_width&quot;:&quot;boxed&quot;}\" data-core-v316-plus=\"true\">\n\t\t\t\t\t<div class=\"e-con-inner\">\n\t\t\t\t<div class=\"elementor-element elementor-element-16f6bdb elementor-widget-divider--view-line elementor-widget elementor-widget-divider\" data-id=\"16f6bdb\" data-element_type=\"widget\" data-widget_type=\"divider.default\">\n\t\t\t\t<div class=\"elementor-widget-container\">\n\t\t\t<style>\/*! elementor - v3.17.0 - 08-11-2023 *\/\n.elementor-widget-divider{--divider-border-style:none;--divider-border-width:1px;--divider-color:#0c0d0e;--divider-icon-size:20px;--divider-element-spacing:10px;--divider-pattern-height:24px;--divider-pattern-size:20px;--divider-pattern-url:none;--divider-pattern-repeat:repeat-x}.elementor-widget-divider .elementor-divider{display:flex}.elementor-widget-divider .elementor-divider__text{font-size:15px;line-height:1;max-width:95%}.elementor-widget-divider .elementor-divider__element{margin:0 var(--divider-element-spacing);flex-shrink:0}.elementor-widget-divider .elementor-icon{font-size:var(--divider-icon-size)}.elementor-widget-divider .elementor-divider-separator{display:flex;margin:0;direction:ltr}.elementor-widget-divider--view-line_icon .elementor-divider-separator,.elementor-widget-divider--view-line_text .elementor-divider-separator{align-items:center}.elementor-widget-divider--view-line_icon .elementor-divider-separator:after,.elementor-widget-divider--view-line_icon .elementor-divider-separator:before,.elementor-widget-divider--view-line_text .elementor-divider-separator:after,.elementor-widget-divider--view-line_text .elementor-divider-separator:before{display:block;content:\"\";border-bottom:0;flex-grow:1;border-top:var(--divider-border-width) var(--divider-border-style) var(--divider-color)}.elementor-widget-divider--element-align-left .elementor-divider .elementor-divider-separator>.elementor-divider__svg:first-of-type{flex-grow:0;flex-shrink:100}.elementor-widget-divider--element-align-left .elementor-divider-separator:before{content:none}.elementor-widget-divider--element-align-left .elementor-divider__element{margin-left:0}.elementor-widget-divider--element-align-right .elementor-divider .elementor-divider-separator>.elementor-divider__svg:last-of-type{flex-grow:0;flex-shrink:100}.elementor-widget-divider--element-align-right .elementor-divider-separator:after{content:none}.elementor-widget-divider--element-align-right .elementor-divider__element{margin-right:0}.elementor-widget-divider:not(.elementor-widget-divider--view-line_text):not(.elementor-widget-divider--view-line_icon) .elementor-divider-separator{border-top:var(--divider-border-width) var(--divider-border-style) var(--divider-color)}.elementor-widget-divider--separator-type-pattern{--divider-border-style:none}.elementor-widget-divider--separator-type-pattern.elementor-widget-divider--view-line .elementor-divider-separator,.elementor-widget-divider--separator-type-pattern:not(.elementor-widget-divider--view-line) .elementor-divider-separator:after,.elementor-widget-divider--separator-type-pattern:not(.elementor-widget-divider--view-line) .elementor-divider-separator:before,.elementor-widget-divider--separator-type-pattern:not([class*=elementor-widget-divider--view]) .elementor-divider-separator{width:100%;min-height:var(--divider-pattern-height);-webkit-mask-size:var(--divider-pattern-size) 100%;mask-size:var(--divider-pattern-size) 100%;-webkit-mask-repeat:var(--divider-pattern-repeat);mask-repeat:var(--divider-pattern-repeat);background-color:var(--divider-color);-webkit-mask-image:var(--divider-pattern-url);mask-image:var(--divider-pattern-url)}.elementor-widget-divider--no-spacing{--divider-pattern-size:auto}.elementor-widget-divider--bg-round{--divider-pattern-repeat:round}.rtl .elementor-widget-divider .elementor-divider__text{direction:rtl}.e-con-inner>.elementor-widget-divider,.e-con>.elementor-widget-divider{width:var(--container-widget-width,100%);--flex-grow:var(--container-widget-flex-grow)}<\/style>\t\t<div class=\"elementor-divider\">\n\t\t\t<span class=\"elementor-divider-separator\">\n\t\t\t\t\t\t<\/span>\n\t\t<\/div>\n\t\t\t\t<\/div>\n\t\t\t\t<\/div>\n\t\t\t\t\t<\/div>\n\t\t\t\t<\/div>\n\t\t<div class=\"elementor-element elementor-element-f2f090f e-flex e-con-boxed e-con e-parent\" data-id=\"f2f090f\" data-element_type=\"container\" data-settings=\"{&quot;content_width&quot;:&quot;boxed&quot;}\" data-core-v316-plus=\"true\">\n\t\t\t\t\t<div class=\"e-con-inner\">\n\t\t<div class=\"elementor-element elementor-element-fd8d4f9 e-con-full e-flex e-con e-child\" data-id=\"fd8d4f9\" data-element_type=\"container\" data-settings=\"{&quot;content_width&quot;:&quot;full&quot;}\">\n\t\t\t\t<div class=\"elementor-element elementor-element-fe89e5d elementor-widget elementor-widget-text-editor\" data-id=\"fe89e5d\" data-element_type=\"widget\" data-widget_type=\"text-editor.default\">\n\t\t\t\t<div class=\"elementor-widget-container\">\n\t\t\t<style>\/*! elementor - v3.17.0 - 08-11-2023 *\/\n.elementor-widget-text-editor.elementor-drop-cap-view-stacked .elementor-drop-cap{background-color:#69727d;color:#fff}.elementor-widget-text-editor.elementor-drop-cap-view-framed .elementor-drop-cap{color:#69727d;border:3px solid;background-color:transparent}.elementor-widget-text-editor:not(.elementor-drop-cap-view-default) .elementor-drop-cap{margin-top:8px}.elementor-widget-text-editor:not(.elementor-drop-cap-view-default) .elementor-drop-cap-letter{width:1em;height:1em}.elementor-widget-text-editor .elementor-drop-cap{float:left;text-align:center;line-height:1;font-size:50px}.elementor-widget-text-editor .elementor-drop-cap-letter{display:inline-block}<\/style>\t\t\t\t<p>En 1988, miembros de la comunidad y la coordinadora del Cali Trece, Doctora Loila Renter\u00eda, identificaron la necesidad de un colegio de secundaria en la zona. En 1989, la comisi\u00f3n formada solicit\u00f3 apoyo al Secretario de Educaci\u00f3n Departamental y al Gobernador, quienes aprobaron una partida para la construcci\u00f3n del colegio. La obra se inici\u00f3, pero se detuvo por falta de presupuesto durante tres a\u00f1os.<\/p><p><span style=\"font-style: inherit; font-weight: inherit; color: var( --e-global-color-text ); font-family: var( --e-global-typography-text-font-family ), Sans-serif; text-align: var(--text-align); background-color: var(--ast-global-color-4);\">La comunidad, liderada por el alcalde Germ\u00e1n Villegas, logr\u00f3 reactivar la construcci\u00f3n. El 30 de mayo de 1992 se inaugur\u00f3 la planta f\u00edsica del colegio. Posteriormente, el 5 de junio de 1992, se formaliz\u00f3 la creaci\u00f3n del Instituto T\u00e9cnico Industrial \u00abLuz Haydee Guerrero Molina\u00bb, en honor a la educadora Luz Haydee Guerrero Molina.<\/span><\/p><p>El 1\u00b0 de septiembre de 1992 comenzaron las clases con 516 estudiantes en grado sexto. Para 2002, la instituci\u00f3n contaba con 23 cursos y 980 estudiantes. En 2003, se integraron el Instituto T\u00e9cnico Industrial Luz Haydee Guerrero Molina y el Centro Docente Rodrigo Lloreda Caicedo en una nueva instituci\u00f3n educativa certificada por el Ministerio de Educaci\u00f3n.<\/p><p>Tradicionalmente, las instituciones educativas han funcionado como espacios de asimilaci\u00f3n donde se transmit\u00edan conocimientos normativos y universales, sin contemplar las diversidades culturales y ling\u00fc\u00edsticas de los estudiantes. Esta estructura homog\u00e9nea ha llevado a una serie de problemas, como la desvalorizaci\u00f3n de los saberes locales, la p\u00e9rdida de lenguas ind\u00edgenas y la alienaci\u00f3n de los estudiantes que no se sent\u00edan representados por el curr\u00edculo oficial.<\/p><p>El paso hacia una instituci\u00f3n etnoeducativa implica un cambio profundo en la forma en que se concibe la ense\u00f1anza y el aprendizaje. Las aulas, los contenidos y los m\u00e9todos pedag\u00f3gicos se deben transformar para ser m\u00e1s inclusivos, reflejando la realidad multicultural de las sociedades actuales.<\/p><p>Este cambio ha sido fundamentalmente impulsado por la necesidad de reconocer y valorar las distintas identidades, lenguas, y cosmovisiones de los pueblos, especialmente en contextos donde las comunidades ind\u00edgenas y afrodescendientes han sido hist\u00f3ricamente marginadas. As\u00ed surge la etnoeducaci\u00f3n en nuestra Instituci\u00f3n, un modelo educativo que se creo en septiembre del 2023, bajo el liderazgo del Rector Ulises Trujillo, Hermes Carvajal y los docentes directivos. Este proyecto no solo reconoce, sino que integra y celebra la diversidad cultural, promoviendo el conocimiento desde las perspectivas de los pueblos originarios y sus propias realidades.<\/p>\t\t\t\t\t\t<\/div>\n\t\t\t\t<\/div>\n\t\t\t\t<\/div>\n\t\t<div class=\"elementor-element elementor-element-1b5a231 e-flex e-con-boxed e-con e-child\" data-id=\"1b5a231\" data-element_type=\"container\" data-settings=\"{&quot;content_width&quot;:&quot;boxed&quot;}\">\n\t\t\t\t\t<div class=\"e-con-inner\">\n\t\t\t\t<div class=\"elementor-element elementor-element-9e0240a elementor-widget__width-initial elementor-widget elementor-widget-image\" data-id=\"9e0240a\" data-element_type=\"widget\" data-widget_type=\"image.default\">\n\t\t\t\t<div class=\"elementor-widget-container\">\n\t\t\t<style>\/*! elementor - v3.17.0 - 08-11-2023 *\/\n.elementor-widget-image{text-align:center}.elementor-widget-image a{display:inline-block}.elementor-widget-image a img[src$=\".svg\"]{width:48px}.elementor-widget-image img{vertical-align:middle;display:inline-block}<\/style>\t\t\t\t\t\t\t\t\t\t\t\t<img fetchpriority=\"high\" decoding=\"async\" width=\"768\" height=\"1153\" src=\"http:\/\/aula.sices.net\/luzhaydee\/wp-content\/uploads\/2025\/04\/WhatsApp-Image-2025-04-03-at-6.17.26-PM-768x1153.jpeg\" class=\"elementor-animation-grow attachment-medium_large size-medium_large wp-image-2645\" alt=\"\" srcset=\"http:\/\/aula.sices.net\/luzhaydee\/wp-content\/uploads\/2025\/04\/WhatsApp-Image-2025-04-03-at-6.17.26-PM-768x1153.jpeg 768w, http:\/\/aula.sices.net\/luzhaydee\/wp-content\/uploads\/2025\/04\/WhatsApp-Image-2025-04-03-at-6.17.26-PM-200x300.jpeg 200w, http:\/\/aula.sices.net\/luzhaydee\/wp-content\/uploads\/2025\/04\/WhatsApp-Image-2025-04-03-at-6.17.26-PM-682x1024.jpeg 682w, http:\/\/aula.sices.net\/luzhaydee\/wp-content\/uploads\/2025\/04\/WhatsApp-Image-2025-04-03-at-6.17.26-PM-1023x1536.jpeg 1023w, http:\/\/aula.sices.net\/luzhaydee\/wp-content\/uploads\/2025\/04\/WhatsApp-Image-2025-04-03-at-6.17.26-PM.jpeg 1066w\" sizes=\"(max-width: 768px) 100vw, 768px\" \/>\t\t\t\t\t\t\t\t\t\t\t\t\t\t\t<\/div>\n\t\t\t\t<\/div>\n\t\t\t\t\t<\/div>\n\t\t\t\t<\/div>\n\t\t\t\t\t<\/div>\n\t\t\t\t<\/div>\n\t\t\t\t\t\t\t<\/div>\n\t\t","protected":false},"excerpt":{"rendered":"<p>Rese\u00f1a Hist\u00f3rica En 1988, miembros de la comunidad y la coordinadora del Cali Trece, Doctora Loila Renter\u00eda, identificaron la necesidad de un colegio de secundaria en la zona. En 1989, la comisi\u00f3n formada solicit\u00f3 apoyo al Secretario de Educaci\u00f3n Departamental y al Gobernador, quienes aprobaron una partida para la construcci\u00f3n del colegio. La obra se [&hellip;]<\/p>\n","protected":false},"author":1,"featured_media":0,"parent":0,"menu_order":0,"comment_status":"closed","ping_status":"closed","template":"","meta":{"_uag_custom_page_level_css":"","site-sidebar-layout":"no-sidebar","site-content-layout":"page-builder","ast-site-content-layout":"full-width-container","site-content-style":"default","site-sidebar-style":"default","ast-global-header-display":"","ast-banner-title-visibility":"","ast-main-header-display":"","ast-hfb-above-header-display":"","ast-hfb-below-header-display":"","ast-hfb-mobile-header-display":"","site-post-title":"disabled","ast-breadcrumbs-content":"","ast-featured-img":"disabled","footer-sml-layout":"","theme-transparent-header-meta":"","adv-header-id-meta":"","stick-header-meta":"","header-above-stick-meta":"","header-main-stick-meta":"","header-below-stick-meta":"","astra-migrate-meta-layouts":"set","ast-page-background-enabled":"default","ast-page-background-meta":{"desktop":{"background-color":"var(--ast-global-color-4)","background-image":"","background-repeat":"repeat","background-position":"center center","background-size":"auto","background-attachment":"scroll","background-type":"","background-media":"","overlay-type":"","overlay-color":"","overlay-opacity":"","overlay-gradient":""},"tablet":{"background-color":"","background-image":"","background-repeat":"repeat","background-position":"center center","background-size":"auto","background-attachment":"scroll","background-type":"","background-media":"","overlay-type":"","overlay-color":"","overlay-opacity":"","overlay-gradient":""},"mobile":{"background-color":"","background-image":"","background-repeat":"repeat","background-position":"center center","background-size":"auto","background-attachment":"scroll","background-type":"","background-media":"","overlay-type":"","overlay-color":"","overlay-opacity":"","overlay-gradient":""}},"ast-content-background-meta":{"desktop":{"background-color":"var(--ast-global-color-5)","background-image":"","background-repeat":"repeat","background-position":"center center","background-size":"auto","background-attachment":"scroll","background-type":"","background-media":"","overlay-type":"","overlay-color":"","overlay-opacity":"","overlay-gradient":""},"tablet":{"background-color":"var(--ast-global-color-5)","background-image":"","background-repeat":"repeat","background-position":"center center","background-size":"auto","background-attachment":"scroll","background-type":"","background-media":"","overlay-type":"","overlay-color":"","overlay-opacity":"","overlay-gradient":""},"mobile":{"background-color":"var(--ast-global-color-5)","background-image":"","background-repeat":"repeat","background-position":"center center","background-size":"auto","background-attachment":"scroll","background-type":"","background-media":"","overlay-type":"","overlay-color":"","overlay-opacity":"","overlay-gradient":""}},"footnotes":""},"class_list":["post-2287","page","type-page","status-publish","hentry"],"uagb_featured_image_src":{"full":false,"thumbnail":false,"medium":false,"medium_large":false,"large":false,"1536x1536":false,"2048x2048":false},"uagb_author_info":{"display_name":"admin","author_link":"http:\/\/aula.sices.net\/luzhaydee\/?author=1"},"uagb_comment_info":0,"uagb_excerpt":"Rese\u00f1a Hist\u00f3rica En 1988, miembros de la comunidad y la coordinadora del Cali Trece, Doctora Loila Renter\u00eda, identificaron la necesidad de un colegio de secundaria en la zona. En 1989, la comisi\u00f3n formada solicit\u00f3 apoyo al Secretario de Educaci\u00f3n Departamental y al Gobernador, quienes aprobaron una partida para la construcci\u00f3n del colegio. La obra se&hellip;","_links":{"self":[{"href":"http:\/\/aula.sices.net\/luzhaydee\/index.php?rest_route=\/wp\/v2\/pages\/2287","targetHints":{"allow":["GET"]}}],"collection":[{"href":"http:\/\/aula.sices.net\/luzhaydee\/index.php?rest_route=\/wp\/v2\/pages"}],"about":[{"href":"http:\/\/aula.sices.net\/luzhaydee\/index.php?rest_route=\/wp\/v2\/types\/page"}],"author":[{"embeddable":true,"href":"http:\/\/aula.sices.net\/luzhaydee\/index.php?rest_route=\/wp\/v2\/users\/1"}],"replies":[{"embeddable":true,"href":"http:\/\/aula.sices.net\/luzhaydee\/index.php?rest_route=%2Fwp%2Fv2%2Fcomments&post=2287"}],"version-history":[{"count":42,"href":"http:\/\/aula.sices.net\/luzhaydee\/index.php?rest_route=\/wp\/v2\/pages\/2287\/revisions"}],"predecessor-version":[{"id":2655,"href":"http:\/\/aula.sices.net\/luzhaydee\/index.php?rest_route=\/wp\/v2\/pages\/2287\/revisions\/2655"}],"wp:attachment":[{"href":"http:\/\/aula.sices.net\/luzhaydee\/index.php?rest_route=%2Fwp%2Fv2%2Fmedia&parent=2287"}],"curies":[{"name":"wp","href":"https:\/\/api.w.org\/{rel}","templated":true}]}}